{"id":3859,"date":"2026-04-02T11:45:20","date_gmt":"2026-04-02T11:45:20","guid":{"rendered":"https:\/\/drpelinkocyigit.com\/?page_id=3859"},"modified":"2026-04-02T14:21:08","modified_gmt":"2026-04-02T14:21:08","slug":"hizmetlerimiz","status":"publish","type":"page","link":"https:\/\/drpelinkocyigit.com\/index.php\/hizmetlerimiz\/","title":{"rendered":"Hizmetlerimiz"},"content":{"rendered":"<p>[vc_row][vc_column width=&#8221;1\/3&#8243;][vc_column_text]<\/p>\n<h2 data-path-to-node=\"1\"><b data-path-to-node=\"1\" data-index-in-node=\"0\">\u00d6ZEL \u0130LG\u0130 ALANLARIM<\/b><\/h2>\n<ul data-path-to-node=\"2\">\n<li>\n<p data-path-to-node=\"2,0,0\">AKNE<\/p>\n<\/li>\n<li>\n<p data-path-to-node=\"2,1,0\">ROZASE (G\u00dcL HASTALI\u011eI)<\/p>\n<\/li>\n<li>\n<p data-path-to-node=\"2,2,0\">DER\u0130 KANSERLER\u0130<\/p>\n<\/li>\n<li>\n<p data-path-to-node=\"2,3,0\">BEN TAK\u0130B\u0130<\/p>\n<\/li>\n<li>\n<p data-path-to-node=\"2,4,0\">TIRNAK HASTALIKLARI<\/p>\n<\/li>\n<li>\n<p data-path-to-node=\"2,5,0\">SA\u00c7 HASTALIKLARI<\/p>\n<\/li>\n<li>\n<p data-path-to-node=\"2,6,0\">SKAR (\u0130Z) TEDAV\u0130S\u0130<\/p>\n<\/li>\n<li>\n<p data-path-to-node=\"2,7,0\">LEKE TEDAV\u0130S\u0130<\/p>\n<\/li>\n<li>\n<p data-path-to-node=\"2,9,0\">ALLERJ\u0130K HASTALIKLAR<\/p>\n<\/li>\n<li>\n<p data-path-to-node=\"2,11,0\">OTO\u0130MM\u00dcN DER\u0130 HASTALIKLARI<\/p>\n<\/li>\n<\/ul>\n<p>[\/vc_column_text][\/vc_column][vc_column width=&#8221;1\/3&#8243;][vc_column_text]<\/p>\n<h2 data-path-to-node=\"1\"><b data-path-to-node=\"1\" data-index-in-node=\"0\">MED\u0130KAL UYGULAMALAR<\/b><\/h2>\n<ul>\n<li data-path-to-node=\"2,0,0\">Deri hastal\u0131klar\u0131 tan\u0131, tedavi ve takibi<\/li>\n<li data-path-to-node=\"2,1,0\">Dermatoskopi<\/li>\n<li>Nevus(ben) tan\u0131, kay\u0131t ve takibi<\/li>\n<li>Deri kanserleri tan\u0131, tedavi ve takibi<\/li>\n<li data-path-to-node=\"2,6,0\">T\u0131rnak hastal\u0131klar\u0131 tan\u0131 ve tedavisi<\/li>\n<li data-path-to-node=\"2,7,0\">Sa\u00e7 hastal\u0131klar\u0131 tan\u0131 ve tedavisi<\/li>\n<li data-path-to-node=\"2,8,0\">Kriyoterapi<\/li>\n<li data-path-to-node=\"2,9,0\">Koterizasyon<\/li>\n<li>Biyopsi al\u0131nmas\u0131<\/li>\n<li>Skar (iz) tedavisi<\/li>\n<li data-path-to-node=\"2,13,0\">Leke tedavisi<\/li>\n<li data-path-to-node=\"2,10,0\">Terleme i\u00e7in botulinum toksin uygulamas\u0131<\/li>\n<li data-path-to-node=\"2,11,0\">Masseter botulinum toksin uygulamas\u0131<\/li>\n<li data-path-to-node=\"2,11,0\">Lazer Tedavileri<\/li>\n<\/ul>\n<p>[\/vc_column_text][\/vc_column][vc_column width=&#8221;1\/3&#8243;][vc_column_text]<\/p>\n<h2 data-path-to-node=\"1\"><b data-path-to-node=\"1\" data-index-in-node=\"0\">KOZMET\u0130K UYGULAMALAR<\/b><\/h2>\n<ul>\n<li data-path-to-node=\"2,0,0\">Botulinum toksin uygulanmas\u0131<\/li>\n<li data-path-to-node=\"2,1,0\">PRP uygulamas\u0131<\/li>\n<li data-path-to-node=\"2,2,0\">Sa\u00e7 ve y\u00fcz mezoterapileri<\/li>\n<li data-path-to-node=\"2,3,0\">Alt\u0131n i\u011fne (Fraksiyonel radyofrekans) uygulamalar\u0131<\/li>\n<li>Fraksiyonel ve ablatif lazer uygulamalar\u0131<\/li>\n<li>BBL ile leke ve k\u0131zar\u0131kl\u0131k tedavileri<\/li>\n<li data-path-to-node=\"2,4,0\">\u0130\u011fnesiz radyofrekans (cilt bak\u0131m\u0131 ve canland\u0131rma ama\u00e7l\u0131)<\/li>\n<li data-path-to-node=\"2,5,0\">Hydrafacial uygulamas\u0131 ile cilt temizleme<\/li>\n<li data-path-to-node=\"2,5,0\">Akneli ciltlere \u00f6zel cilt temizleme<\/li>\n<li data-path-to-node=\"2,6,0\">Peeling (leke, akne ve akne scarlar\u0131, cilt yenileme ama\u00e7l\u0131) uygulamalar\u0131<\/li>\n<li data-path-to-node=\"2,7,0\">Dolgu uygulamalar\u0131<\/li>\n<li data-path-to-node=\"2,9,0\">Kombine leke ve k\u0131zar\u0131kl\u0131k tedavileri<\/li>\n<li>Ki\u015fiye \u00f6zel kombine rejuvenasyon tedavileri<\/li>\n<\/ul>\n<p>[\/vc_column_text][\/vc_column][\/vc_row][vc_row][vc_column][vc_empty_space][vc_separator][\/vc_column][\/vc_row]<\/p>\n","protected":false},"excerpt":{"rendered":"<p>[vc_row][vc_column width=&#8221;1\/3&#8243;][vc_column_text] \u00d6ZEL \u0130LG\u0130 ALANLARIM AKNE ROZASE (G\u00dcL HASTALI\u011eI) DER\u0130 KANSERLER\u0130 BEN TAK\u0130B\u0130 TIRNAK HASTALIKLARI SA\u00c7 HASTALIKLARI SKAR (\u0130Z) TEDAV\u0130S\u0130&#8230;<\/p>\n","protected":false},"author":1,"featured_media":0,"parent":0,"menu_order":0,"comment_status":"closed","ping_status":"closed","template":"","meta":{"_joinchat":[],"footnotes":""},"class_list":["post-3859","page","type-page","status-publish","hentry"],"_links":{"self":[{"href":"https:\/\/drpelinkocyigit.com\/index.php\/wp-json\/wp\/v2\/pages\/3859","targetHints":{"allow":["GET"]}}],"collection":[{"href":"https:\/\/drpelinkocyigit.com\/index.php\/wp-json\/wp\/v2\/pages"}],"about":[{"href":"https:\/\/drpelinkocyigit.com\/index.php\/wp-json\/wp\/v2\/types\/page"}],"author":[{"embeddable":true,"href":"https:\/\/drpelinkocyigit.com\/index.php\/wp-json\/wp\/v2\/users\/1"}],"replies":[{"embeddable":true,"href":"https:\/\/drpelinkocyigit.com\/index.php\/wp-json\/wp\/v2\/comments?post=3859"}],"version-history":[{"count":14,"href":"https:\/\/drpelinkocyigit.com\/index.php\/wp-json\/wp\/v2\/pages\/3859\/revisions"}],"predecessor-version":[{"id":3912,"href":"https:\/\/drpelinkocyigit.com\/index.php\/wp-json\/wp\/v2\/pages\/3859\/revisions\/3912"}],"wp:attachment":[{"href":"https:\/\/drpelinkocyigit.com\/index.php\/wp-json\/wp\/v2\/media?parent=3859"}],"curies":[{"name":"wp","href":"https:\/\/api.w.org\/{rel}","templated":true}]}}