{"id":3837,"date":"2026-04-02T11:25:15","date_gmt":"2026-04-02T11:25:15","guid":{"rendered":"https:\/\/drpelinkocyigit.com\/?page_id=3837"},"modified":"2026-04-02T14:25:10","modified_gmt":"2026-04-02T14:25:10","slug":"anasayfa-demo","status":"publish","type":"page","link":"https:\/\/drpelinkocyigit.com\/","title":{"rendered":"Anasayfa Demo"},"content":{"rendered":"<p>[vc_row full_width=&#8221;stretch_row_content_no_spaces&#8221; css=&#8221;.vc_custom_1509607147265{margin-top: 0px !important;margin-bottom: 0px !important;padding-top: 0px !important;padding-bottom: 0px !important;}&#8221;][vc_column width=&#8221;1\/4&#8243; css=&#8221;.vc_custom_1503251047476{margin-top: 0px !important;margin-bottom: 0px !important;}&#8221;][\/vc_column][vc_column width=&#8221;1\/4&#8243;]<div class=\"rs-services\"><div class=\"service-inner services-style-2  \">\r\n\t\t<div class=\"services-wrap\"> \r\n         <div class=\"services-item\">\r\n            <div class=\"services-icon\">\r\n                <img decoding=\"async\" src=\"https:\/\/drpelinkocyigit.com\/wp-content\/uploads\/2026\/04\/a-665x1024.jpg\" alt=\"grassy-service\" \/>\r\n             <\/div>\r\n        \r\n\t\t<div class=\"services-desc\">\t\t\t\r\n\t\t\tAkademik dermatoloji alan\u0131nda uzun y\u0131llara dayanan deneyimi, bilimsel yakla\u015f\u0131m\u0131 ve hasta odakl\u0131 tedavi anlay\u0131\u015f\u0131yla <strong>Prof. Dr. Pelin Ko\u00e7yi\u011fit<\/strong>, hem \u00fcniversite d\u00fczeyindeki akademik \u00e7al\u0131\u015fmalar\u0131n\u0131 hem de \u00f6zel muayenehane prati\u011fini ba\u015far\u0131yla s\u00fcrd\u00fcrmektedir.<\/p>\n<p><a href=\"https:\/\/drpelinkocyigit.com\/index.php\/hakkimda\/\"><strong>Devam\u0131n\u0131 Oku &gt;&gt;&gt;<\/strong><\/a> \r\n\t\t<\/div>\t\t\r\n\t\t<\/div>\t\r\n\t<\/div>\r\n\t<h2 class=\"services-title services-title2\"><a ><\/a><\/h2>\r\n\t<\/div><\/div>[\/vc_column][vc_column width=&#8221;1\/4&#8243;]<div class=\"rs-services\"><div class=\"service-inner services-style-2  \">\r\n\t\t<div class=\"services-wrap\"> \r\n         <div class=\"services-item\">\r\n            <div class=\"services-icon\">\r\n                <img decoding=\"async\" src=\"https:\/\/drpelinkocyigit.com\/wp-content\/uploads\/2026\/04\/B-665x1024.jpg\" alt=\"grassy-service\" \/>\r\n             <\/div>\r\n        \r\n\t\t<div class=\"services-desc\">\t\t\t\r\n\t\t\t<strong>Prof. Dr. Pelin Ko\u00e7yi\u011fit;<\/strong> akne, sa\u00e7 ve t\u0131rnak hastal\u0131klar\u0131, deri cerrahisi, leke ve iz tedavileri ile kozmetik dermatoloji uygulamalar\u0131nda ki\u015fiye \u00f6zel \u00e7\u00f6z\u00fcmler sunmaktad\u0131r.<\/p>\n<p><a href=\"https:\/\/drpelinkocyigit.com\/index.php\/hizmetlerimiz\/\"><strong>Devam\u0131n\u0131 Oku &gt;&gt;&gt;<\/strong><\/a> \r\n\t\t<\/div>\t\t\r\n\t\t<\/div>\t\r\n\t<\/div>\r\n\t<h2 class=\"services-title services-title2\"><a ><\/a><\/h2>\r\n\t<\/div><\/div>[\/vc_column][vc_column width=&#8221;1\/4&#8243;][\/vc_column][\/vc_row][vc_row full_width=&#8221;stretch_row_content_no_spaces&#8221; css=&#8221;.vc_custom_1509607147265{margin-top: 0px !important;margin-bottom: 0px !important;padding-top: 0px !important;padding-bottom: 0px !important;}&#8221;][vc_column css=&#8221;.vc_custom_1503251047476{margin-top: 0px !important;margin-bottom: 0px !important;}&#8221;][vc_single_image image=&#8221;3887&#8243; img_size=&#8221;1494&#215;405&#8243; alignment=&#8221;center&#8221; onclick=&#8221;custom_link&#8221; link=&#8221;https:\/\/drpelinkocyigit.com\/index.php\/hizmetlerimiz\/&#8221;][\/vc_column][\/vc_row][vc_row full_width=&#8221;stretch_row_content_no_spaces&#8221; css=&#8221;.vc_custom_1509607147265{margin-top: 0px !important;margin-bottom: 0px !important;padding-top: 0px !important;padding-bottom: 0px !important;}&#8221;][vc_column width=&#8221;1\/3&#8243; css=&#8221;.vc_custom_1503251047476{margin-top: 0px !important;margin-bottom: 0px !important;}&#8221;][vc_single_image image=&#8221;3660&#8243; img_size=&#8221;full&#8221; alignment=&#8221;center&#8221;][\/vc_column][vc_column width=&#8221;1\/3&#8243;][vc_single_image image=&#8221;3769&#8243; img_size=&#8221;full&#8221; alignment=&#8221;center&#8221;][\/vc_column][vc_column width=&#8221;1\/3&#8243;][vc_single_image image=&#8221;3770&#8243; img_size=&#8221;full&#8221; alignment=&#8221;center&#8221;][\/vc_column][\/vc_row][vc_row full_width=&#8221;stretch_row&#8221; el_id=&#8221;rs-cta&#8221; el_class=&#8221;rs-cta&#8221; css=&#8221;.vc_custom_1515745372760{padding-top: 30px !important;padding-bottom: 35px !important;}&#8221;][vc_column width=&#8221;2\/3&#8243;][vc_custom_heading text=&#8221;Detayl\u0131 Bilgi Almak \u0130\u00e7in Bize Ula\u015f\u0131n&#8221; font_container=&#8221;tag:h2|font_size:36px|text_align:left|color:%23ffffff&#8221; google_fonts=&#8221;font_family:Open%20Sans%3A300%2C300italic%2Cregular%2Citalic%2C600%2C600italic%2C700%2C700italic%2C800%2C800italic|font_style:400%20regular%3A400%3Anormal&#8221; css=&#8221;.vc_custom_1620643338943{margin-top: 0px !important;margin-bottom: 0px !important;padding-top: 10px !important;padding-bottom: 0px !important;}&#8221;][\/vc_column][vc_column width=&#8221;1\/3&#8243; css=&#8221;.vc_custom_1515745379225{padding-bottom: 7px !important;}&#8221;][vc_btn title=&#8221;\u0130leti\u015fim&#8221; style=&#8221;outline-custom&#8221; outline_custom_color=&#8221;#ffffff&#8221; outline_custom_hover_background=&#8221;#f7f7f7&#8243; outline_custom_hover_text=&#8221;#4caf50&#8243; shape=&#8221;square&#8221; align=&#8221;right&#8221; link=&#8221;url:https%3A%2F%2Fdrpelinkocyigit.com%2Findex.php%2Filetisim%2F|title:%C4%B0leti%C5%9Fim||&#8221;][\/vc_column][\/vc_row][vc_row full_width=&#8221;stretch_row_content&#8221;][vc_column][vc_gmaps link=&#8221;#E-8_JTNDaWZyYW1lJTIwc3JjJTNEJTIyaHR0cHMlM0ElMkYlMkZ3d3cuZ29vZ2xlLmNvbSUyRm1hcHMlMkZlbWJlZCUzRnBiJTNEJTIxMW0xOCUyMTFtMTIlMjExbTMlMjExZDMwNjAuMzg2NDYyMzQwNjI0JTIxMmQzMi43NjQ3NjQxJTIxM2QzOS45MTAzNjY5MDAwMDAwMSUyMTJtMyUyMTFmMCUyMTJmMCUyMTNmMCUyMTNtMiUyMTFpMTAyNCUyMTJpNzY4JTIxNGYxMy4xJTIxM20zJTIxMW0yJTIxMXMweDE0ZDM0ZmE0MjQzNGVmMmQlMjUzQTB4ZjRhODI5ZGZjYWVhOWIwOSUyMTJzUHJvZi4lMjUyMERyLiUyNTIwUGVsaW4lMjUyMEtvY3lpZ2l0JTI1MkMlMjUyME11YXllbmVoYW5lc2klMjE1ZTAlMjEzbTIlMjExc3RyJTIxMnN0ciUyMTR2MTc3NTEzMzMzOTcyNSUyMTVtMiUyMTFzdHIlMjEyc3RyJTIyJTIwd2lkdGglM0QlMjI2MDAlMjIlMjBoZWlnaHQlM0QlMjI0NTAlMjIlMjBzdHlsZSUzRCUyMmJvcmRlciUzQTAlM0IlMjIlMjBhbGxvd2Z1bGxzY3JlZW4lM0QlMjIlMjIlMjBsb2FkaW5nJTNEJTIybGF6eSUyMiUyMHJlZmVycmVycG9saWN5JTNEJTIybm8tcmVmZXJyZXItd2hlbi1kb3duZ3JhZGUlMjIlM0UlM0MlMkZpZnJhbWUlM0U=&#8221;][\/vc_column][\/vc_row]<\/p>\n","protected":false},"excerpt":{"rendered":"<p>[vc_row full_width=&#8221;stretch_row_content_no_spaces&#8221; css=&#8221;.vc_custom_1509607147265{margin-top: 0px !important;margin-bottom: 0px !important;padding-top: 0px !important;padding-bottom: 0px !important;}&#8221;][vc_column width=&#8221;1\/4&#8243; css=&#8221;.vc_custom_1503251047476{margin-top: 0px !important;margin-bottom: 0px !important;}&#8221;][\/vc_column][vc_column width=&#8221;1\/4&#8243;][\/vc_column][vc_column width=&#8221;1\/4&#8243;][\/vc_column][vc_column width=&#8221;1\/4&#8243;][\/vc_column][\/vc_row][vc_row&#8230;<\/p>\n","protected":false},"author":1,"featured_media":0,"parent":0,"menu_order":0,"comment_status":"closed","ping_status":"closed","template":"","meta":{"_joinchat":[],"footnotes":""},"class_list":["post-3837","page","type-page","status-publish","hentry"],"_links":{"self":[{"href":"https:\/\/drpelinkocyigit.com\/index.php\/wp-json\/wp\/v2\/pages\/3837","targetHints":{"allow":["GET"]}}],"collection":[{"href":"https:\/\/drpelinkocyigit.com\/index.php\/wp-json\/wp\/v2\/pages"}],"about":[{"href":"https:\/\/drpelinkocyigit.com\/index.php\/wp-json\/wp\/v2\/types\/page"}],"author":[{"embeddable":true,"href":"https:\/\/drpelinkocyigit.com\/index.php\/wp-json\/wp\/v2\/users\/1"}],"replies":[{"embeddable":true,"href":"https:\/\/drpelinkocyigit.com\/index.php\/wp-json\/wp\/v2\/comments?post=3837"}],"version-history":[{"count":20,"href":"https:\/\/drpelinkocyigit.com\/index.php\/wp-json\/wp\/v2\/pages\/3837\/revisions"}],"predecessor-version":[{"id":3913,"href":"https:\/\/drpelinkocyigit.com\/index.php\/wp-json\/wp\/v2\/pages\/3837\/revisions\/3913"}],"wp:attachment":[{"href":"https:\/\/drpelinkocyigit.com\/index.php\/wp-json\/wp\/v2\/media?parent=3837"}],"curies":[{"name":"wp","href":"https:\/\/api.w.org\/{rel}","templated":true}]}}