{"id":3657,"date":"2021-05-10T10:25:51","date_gmt":"2021-05-10T10:25:51","guid":{"rendered":"http:\/\/drpelinkocyigit.com\/?page_id=3657"},"modified":"2026-04-02T14:37:47","modified_gmt":"2026-04-02T14:37:47","slug":"iletisim","status":"publish","type":"page","link":"https:\/\/drpelinkocyigit.com\/index.php\/iletisim\/","title":{"rendered":"\u0130leti\u015fim"},"content":{"rendered":"<div class=\"mapsConsumerUiSubviewSectionGm2Listitem__root mapsConsumerUiSubviewSectionGm2Listitem__one-line-text mapsConsumerUiSubviewSectionGm2Listitem__dense mapsConsumerUiSubviewSectionGm2Listitem__metadata-shown-on-hover-only mapsConsumerUiSubviewSectionGm2Listitem__clickable\">\n<div class=\"mapsConsumerUiSubviewSectionGm2Listitem__content\">\n<div class=\"mapsConsumerUiSubviewSectionGm2Listitem__icon-container\">\n<div class=\"mapsConsumerUiSubviewSectionGm2Listitem__icon-outer\"><img decoding=\"async\" class=\"mapsConsumerUiSubviewSectionGm2Listitem__icon aligncenter\" role=\"presentation\" src=\"https:\/\/www.gstatic.com\/images\/icons\/material\/system_gm\/2x\/place_gm_blue_24dp.png\" \/><\/div>\n<\/div>\n<div class=\"mapsConsumerUiSubviewSectionGm2Listitem__text\" style=\"text-align: center;\" aria-hidden=\"false\">\n<div class=\"mapsConsumerUiSubviewSectionGm2Listitem__primary-text gm2-body-2\">Mustafa Kemal Mahallesi, Maidan \u0130\u015f ve Ya\u015fam Merkezi B Blok Kat:3 No:17, 06680 \u00c7ankaya\/Ankara<\/div>\n<div class=\"mapsConsumerUiSubviewSectionGm2Listitem__secondary-text gm2-caption section-listitem-description\"><img decoding=\"async\" class=\"mapsConsumerUiSubviewSectionGm2Listitem__icon\" role=\"presentation\" src=\"https:\/\/www.gstatic.com\/images\/icons\/material\/system_gm\/2x\/phone_gm_blue_24dp.png\" \/><\/div>\n<\/div>\n<\/div>\n<\/div>\n<div class=\"mapsConsumerUiSubviewSectionGm2Listitem__root mapsConsumerUiSubviewSectionGm2Listitem__one-line-text mapsConsumerUiSubviewSectionGm2Listitem__dense mapsConsumerUiSubviewSectionGm2Listitem__metadata-shown-on-hover-only mapsConsumerUiSubviewSectionGm2Listitem__clickable\" style=\"text-align: center;\">\n<div class=\"mapsConsumerUiSubviewSectionGm2Listitem__content\">\n<div class=\"mapsConsumerUiSubviewSectionGm2Listitem__text\" aria-hidden=\"false\">\n<div class=\"mapsConsumerUiSubviewSectionGm2Listitem__primary-text gm2-body-2\">(0312) 428 08 68 (SEKRETERYA: G\u00dcLHAN G\u00d6KDEM\u0130R)<\/div>\n<div>(0530) 326 80 68 (SEKRETERYA: G\u00dcLHAN G\u00d6KDEM\u0130R)<\/div>\n<div><\/div>\n<\/div>\n<\/div>\n<\/div>\n<p style=\"text-align: center;\"><iframe loading=\"lazy\" style=\"border: 0;\" src=\"https:\/\/www.google.com\/maps\/embed?pb=!1m14!1m8!1m3!1d12241.545849362496!2d32.7647641!3d39.9103669!3m2!1i1024!2i768!4f13.1!3m3!1m2!1s0x0%3A0xf4a829dfcaea9b09!2sProf.%20Dr.%20Pelin%20Kocyigit%2C%20Muayenehanesi!5e0!3m2!1str!2str!4v1620642337080!5m2!1str!2str\" width=\"600\" height=\"450\" allowfullscreen=\"allowfullscreen\"><\/iframe><\/p>\n","protected":false},"excerpt":{"rendered":"<p>Mustafa Kemal Mahallesi, Maidan \u0130\u015f ve Ya\u015fam Merkezi B Blok Kat:3 No:17, 06680 \u00c7ankaya\/Ankara (0312) 428 08 68 (SEKRETERYA: G\u00dcLHAN&#8230;<\/p>\n","protected":false},"author":1,"featured_media":0,"parent":0,"menu_order":0,"comment_status":"closed","ping_status":"closed","template":"","meta":{"_joinchat":[],"footnotes":""},"class_list":["post-3657","page","type-page","status-publish","hentry"],"_links":{"self":[{"href":"https:\/\/drpelinkocyigit.com\/index.php\/wp-json\/wp\/v2\/pages\/3657","targetHints":{"allow":["GET"]}}],"collection":[{"href":"https:\/\/drpelinkocyigit.com\/index.php\/wp-json\/wp\/v2\/pages"}],"about":[{"href":"https:\/\/drpelinkocyigit.com\/index.php\/wp-json\/wp\/v2\/types\/page"}],"author":[{"embeddable":true,"href":"https:\/\/drpelinkocyigit.com\/index.php\/wp-json\/wp\/v2\/users\/1"}],"replies":[{"embeddable":true,"href":"https:\/\/drpelinkocyigit.com\/index.php\/wp-json\/wp\/v2\/comments?post=3657"}],"version-history":[{"count":6,"href":"https:\/\/drpelinkocyigit.com\/index.php\/wp-json\/wp\/v2\/pages\/3657\/revisions"}],"predecessor-version":[{"id":3924,"href":"https:\/\/drpelinkocyigit.com\/index.php\/wp-json\/wp\/v2\/pages\/3657\/revisions\/3924"}],"wp:attachment":[{"href":"https:\/\/drpelinkocyigit.com\/index.php\/wp-json\/wp\/v2\/media?parent=3657"}],"curies":[{"name":"wp","href":"https:\/\/api.w.org\/{rel}","templated":true}]}}