{"id":1857,"date":"2017-10-11T19:37:15","date_gmt":"2017-10-11T19:37:15","guid":{"rendered":"http:\/\/localhost\/grassy\/?page_id=1857"},"modified":"2026-04-02T11:08:09","modified_gmt":"2026-04-02T11:08:09","slug":"home","status":"publish","type":"page","link":"https:\/\/drpelinkocyigit.com\/index.php\/home\/","title":{"rendered":"Anasayfa"},"content":{"rendered":"<p>[vc_row full_width=&#8221;stretch_row_content_no_spaces&#8221; css=&#8221;.vc_custom_1509607147265{margin-top: 0px !important;margin-bottom: 0px !important;padding-top: 0px !important;padding-bottom: 0px !important;}&#8221;][vc_column css=&#8221;.vc_custom_1503251047476{margin-top: 0px !important;margin-bottom: 0px !important;}&#8221;][rev_slider_vc alias=&#8221;slider-1&#8243;][\/vc_column][\/vc_row][vc_row full_width=&#8221;stretch_row_content_no_spaces&#8221; css=&#8221;.vc_custom_1509607147265{margin-top: 0px !important;margin-bottom: 0px !important;padding-top: 0px !important;padding-bottom: 0px !important;}&#8221;][vc_column css=&#8221;.vc_custom_1503251047476{margin-top: 0px !important;margin-bottom: 0px !important;}&#8221;][rev_slider_vc alias=&#8221;slider-2&#8243;][\/vc_column][\/vc_row][vc_row css=&#8221;.vc_custom_1505294554309{padding-top: 65px !important;padding-bottom: 65px !important;}&#8221; el_id=&#8221;rs-about&#8221; el_class=&#8221;rs-about&#8221;][vc_column width=&#8221;7\/12&#8243; css=&#8221;.vc_custom_1505208036130{padding-right: 65px !important;}&#8221;]\r\n        <div class=\"sec-title  dd\">         \r\n            <h4 style=\"color:\">HAKKIMDA<\/h4>             \r\n            <h3 style=\"color:\">Prof. Dr. Pelin Ko\u00e7yi\u011fit<\/h3>        \r\n        <\/div>[vc_column_text css=&#8221;.vc_custom_1620642638369{padding-top: 35px !important;}&#8221;]<strong>Prof. Dr. Pelin Ko\u00e7yi\u011fit<\/strong><\/p>\n<p>Ankara \u00dcniversitesi T\u0131p Fak\u00fcltesi<\/p>\n<p>Deri ve Z\u00fchrevi Hastal\u0131klar Anabilim Dal\u0131 \u00d6\u011fretim \u00dcyesi<\/p>\n<p>&nbsp;<\/p>\n<p>&nbsp;<\/p>\n<p>31 Temmuz 1971 tarihinde Ankara\u2019da do\u011fdum. \u0130lk\u00f6\u011frenimimi Ulubatl\u0131 Hasan \u0130lkokulunda, orta ve lise \u00f6\u011frenimimi TED Ankara Kolejinde tamamlad\u0131m. 1989 y\u0131l\u0131nda Ankara \u00dcniversitesi T\u0131p Fak\u00fcltesine girdim. 1995 y\u0131l\u0131nda mezun oldum ve ayn\u0131 y\u0131l Ankara \u00dcniversitesi T\u0131p Fak\u00fcltesi Deri ve Z\u00fchrevi Hastal\u0131klar Anabilim Dal\u0131\u2019nda ihtisasa ba\u015flad\u0131m. 1999 y\u0131l\u0131nda ihtisas\u0131m\u0131 tamamlayarak ayn\u0131 b\u00f6l\u00fcmde Uzman Doktor olarak \u00e7al\u0131\u015fmaya ba\u015flad\u0131m. 2006 y\u0131l\u0131nda Do\u00e7ent Dr., 2012 y\u0131l\u0131nda Prof Dr. \u00fcnvanlar\u0131n\u0131 almaya hak kazand\u0131m. 2012 y\u0131l\u0131ndan beri \u00fcniversitedeki g\u00f6revime ek olarak \u00f6zel muayenehanemde \u00e7al\u0131\u015fmaktay\u0131m. \u00d6zel ilgi alanlar\u0131m aras\u0131nda akne, deri kanserleri, deri cerrahisi, t\u0131rnak hastal\u0131klar\u0131, sa\u00e7 hastal\u0131klar\u0131, leke ve iz tedavileri ve kozmetik uygulamalar yer almaktad\u0131r.<\/p>\n<p>[\/vc_column_text][\/vc_column][vc_column width=&#8221;5\/12&#8243;][vc_single_image image=&#8221;3661&#8243; img_size=&#8221;full&#8221;][\/vc_column][\/vc_row][vc_row full_width=&#8221;stretch_row&#8221; el_id=&#8221;rs-cta&#8221; el_class=&#8221;rs-cta&#8221; css=&#8221;.vc_custom_1515745372760{padding-top: 30px !important;padding-bottom: 35px !important;}&#8221;][vc_column width=&#8221;2\/3&#8243;][vc_custom_heading text=&#8221;Detayl\u0131 Bilgi Almak \u0130\u00e7in Bize Ula\u015f\u0131n&#8221; font_container=&#8221;tag:h2|font_size:36px|text_align:left|color:%23ffffff&#8221; google_fonts=&#8221;font_family:Open%20Sans%3A300%2C300italic%2Cregular%2Citalic%2C600%2C600italic%2C700%2C700italic%2C800%2C800italic|font_style:400%20regular%3A400%3Anormal&#8221; css=&#8221;.vc_custom_1620643338943{margin-top: 0px !important;margin-bottom: 0px !important;padding-top: 10px !important;padding-bottom: 0px !important;}&#8221;][\/vc_column][vc_column width=&#8221;1\/3&#8243; css=&#8221;.vc_custom_1515745379225{padding-bottom: 7px !important;}&#8221;][vc_btn title=&#8221;\u0130leti\u015fim&#8221; style=&#8221;outline-custom&#8221; outline_custom_color=&#8221;#ffffff&#8221; outline_custom_hover_background=&#8221;#f7f7f7&#8243; outline_custom_hover_text=&#8221;#4caf50&#8243; shape=&#8221;square&#8221; align=&#8221;right&#8221; link=&#8221;url:https%3A%2F%2Fdrpelinkocyigit.com%2Findex.php%2Filetisim%2F|title:%C4%B0leti%C5%9Fim||&#8221;][\/vc_column][\/vc_row]<\/p>\n","protected":false},"excerpt":{"rendered":"<p>[vc_row full_width=&#8221;stretch_row_content_no_spaces&#8221; css=&#8221;.vc_custom_1509607147265{margin-top: 0px !important;margin-bottom: 0px !important;padding-top: 0px !important;padding-bottom: 0px !important;}&#8221;][vc_column css=&#8221;.vc_custom_1503251047476{margin-top: 0px !important;margin-bottom: 0px !important;}&#8221;][rev_slider_vc alias=&#8221;slider-1&#8243;][\/vc_column][\/vc_row][vc_row full_width=&#8221;stretch_row_content_no_spaces&#8221; css=&#8221;.vc_custom_1509607147265{margin-top: 0px&#8230;<\/p>\n","protected":false},"author":1,"featured_media":0,"parent":0,"menu_order":0,"comment_status":"closed","ping_status":"closed","template":"","meta":{"_joinchat":[],"footnotes":""},"class_list":["post-1857","page","type-page","status-publish","hentry"],"_links":{"self":[{"href":"https:\/\/drpelinkocyigit.com\/index.php\/wp-json\/wp\/v2\/pages\/1857","targetHints":{"allow":["GET"]}}],"collection":[{"href":"https:\/\/drpelinkocyigit.com\/index.php\/wp-json\/wp\/v2\/pages"}],"about":[{"href":"https:\/\/drpelinkocyigit.com\/index.php\/wp-json\/wp\/v2\/types\/page"}],"author":[{"embeddable":true,"href":"https:\/\/drpelinkocyigit.com\/index.php\/wp-json\/wp\/v2\/users\/1"}],"replies":[{"embeddable":true,"href":"https:\/\/drpelinkocyigit.com\/index.php\/wp-json\/wp\/v2\/comments?post=1857"}],"version-history":[{"count":8,"href":"https:\/\/drpelinkocyigit.com\/index.php\/wp-json\/wp\/v2\/pages\/1857\/revisions"}],"predecessor-version":[{"id":3830,"href":"https:\/\/drpelinkocyigit.com\/index.php\/wp-json\/wp\/v2\/pages\/1857\/revisions\/3830"}],"wp:attachment":[{"href":"https:\/\/drpelinkocyigit.com\/index.php\/wp-json\/wp\/v2\/media?parent=1857"}],"curies":[{"name":"wp","href":"https:\/\/api.w.org\/{rel}","templated":true}]}}